{"id":908,"date":"2026-03-25T11:58:57","date_gmt":"2026-03-25T10:58:57","guid":{"rendered":"https:\/\/desdeelborde.com\/?page_id=908"},"modified":"2026-03-26T11:44:29","modified_gmt":"2026-03-26T10:44:29","slug":"rasgos","status":"publish","type":"page","link":"https:\/\/desdeelborde.com\/?page_id=908","title":{"rendered":"Diferencias"},"content":{"rendered":"\n<hr class=\"wp-block-separator has-alpha-channel-opacity\"\/>\n\n\n\n<p>Iria estaba buscando las llaves dentro del bolso con esa concentraci\u00f3n in\u00fatil de quien sabe que est\u00e1n ah\u00ed, pero no las encuentra. Siempre era igual, las ten\u00eda delante pero tardaba eternidades en dar con ellas. La visi\u00f3n en t\u00fanel le llamaba.<\/p>\n\n\n\n<p>Anna estaba en el sof\u00e1 con Nahuel, los dos mirando un libro sobre el espacio, aquel libro enorme que Marc le hab\u00eda comprado al ni\u00f1o un d\u00eda cualquiera sin motivo.<\/p>\n\n\n\n<p>\u2014D\u00e9jalo aqu\u00ed \u2014dijo Anna sin levantar la vista\u2014. Nosotros estamos bien.<\/p>\n\n\n\n<p>\u2014No, viene conmigo.<\/p>\n\n\n\n<p>\u2014Iria. Si es un momento.<\/p>\n\n\n\n<p>\u2014Que viene.<\/p>\n\n\n\n<p>Anna levant\u00f3 la vista entonces. Conoc\u00eda ese tono. Era el tono de las cosas que ya est\u00e1n decididas y donde la conversaci\u00f3n no va a cambiar nada, solo a demorar la salida.<\/p>\n\n\n\n<p>Nahuel volvi\u00f3 del libro.<\/p>\n\n\n\n<p>\u2014\u00bfVoy contigo?<\/p>\n\n\n\n<p>\u2014S\u00ed. Ponte los zapatos.<\/p>\n\n\n\n<p>Nahuel fue a buscar los zapatos mientras protestaba. Anna dej\u00f3 el el libro a un lado.<\/p>\n\n\n\n<p>\u2014\u00bfPasa algo?<\/p>\n\n\n\n<p>\u2014No.<\/p>\n\n\n\n<p>\u2014Entonces, \u00bfpor qu\u00e9 no lo dejas? Si tardo m\u00e1s en convencerte que lo que vas a tardar t\u00fa en volver.<\/p>\n\n\n\n<p>Iria encontr\u00f3 las llaves.<\/p>\n\n\n\n<p>\u2014Porque si voy con \u00e9l me tratan mejor.<\/p>\n\n\n\n<p>Anna abri\u00f3 la boca y la cerr\u00f3. Luego la abri\u00f3 otra vez.<\/p>\n\n\n\n<p>\u2014Eso pasa cuando vas con ni\u00f1os. La gente se ablanda, no s\u00e9, activan algo en&#8230;\u2014<\/p>\n\n\n\n<p>\u2014No es ir con un ni\u00f1o \u2014dijo Iria.<\/p>\n\n\n\n<p>Anna esper\u00f3.<\/p>\n\n\n\n<p>\u2014Es ir con este ni\u00f1o. Siendo yo quien soy.<\/p>\n\n\n\n<p>Nahuel volvi\u00f3 con los zapatos puestos y la cremallera de la chaqueta a medias. Iria se la subi\u00f3 sin agacharse, ese gesto de a\u00f1os.<\/p>\n\n\n\n<p>Anna los miraba a los dos, Iria esperaba, dejando que los observara.<\/p>\n\n\n\n<p>Nahuel ten\u00eda los ojos de Anna puestos encima con esa indiferencia suya de quien no sabe que est\u00e1 siendo le\u00eddo.<\/p>\n\n\n\n<p>\u2014Mir\u00e1ndonos \u2014dijo Iria, en voz baja\u2014. \u00bfQu\u00e9 ves?<\/p>\n\n\n\n<p>Anna no respondi\u00f3 de inmediato. Algo se movi\u00f3 en su cara, la incomodidad de quien acaba de ver algo que estaba ah\u00ed desde siempre y que por alguna raz\u00f3n no hab\u00eda mirado con esa pregunta espec\u00edfica.<\/p>\n\n\n\n<p>Iria no a\u00f1adi\u00f3 nada. No hac\u00eda falta.<\/p>\n\n\n\n<p>\u2014Venga \u2014le dijo a Nahuel\u2014. Vamos.<\/p>\n\n\n\n<p>La puerta se cerr\u00f3. Anna se qued\u00f3 en el sof\u00e1 con el libro abierto y la foto de un agujero negro supermasivo, y esa pregunta todav\u00eda en la cara, reorganizando algo que cre\u00eda que ya ten\u00eda ordenado.<\/p>\n\n\n\n<hr class=\"wp-block-separator has-alpha-channel-opacity\"\/>\n\n\n\n<hr class=\"wp-block-separator has-alpha-channel-opacity\"\/>\n\n\n\n<hr class=\"wp-block-separator has-alpha-channel-opacity\"\/>\n\n\n\n<figure class=\"wp-block-embed is-type-wp-embed is-provider-ediciones-desde-el-borde wp-block-embed-ediciones-desde-el-borde\"><div class=\"wp-block-embed__wrapper\">\n<blockquote class=\"wp-embedded-content\" data-secret=\"0khdgiWFnm\"><a href=\"https:\/\/desdeelborde.com\/?page_id=911\">La ficci\u00f3n<\/a><\/blockquote><iframe loading=\"lazy\" class=\"wp-embedded-content\" sandbox=\"allow-scripts\" security=\"restricted\" style=\"position: absolute; visibility: hidden;\" title=\"\u00abLa ficci\u00f3n\u00bb \u2014 Ediciones desde el borde\" src=\"https:\/\/desdeelborde.com\/?page_id=911&#038;embed=true#?secret=MIggE1K2h0#?secret=0khdgiWFnm\" data-secret=\"0khdgiWFnm\" width=\"500\" height=\"282\" frameborder=\"0\" marginwidth=\"0\" marginheight=\"0\" scrolling=\"no\"><\/iframe>\n<\/div><\/figure>\n","protected":false},"excerpt":{"rendered":"<p>Iria estaba buscando las llaves dentro del bolso con esa concentraci\u00f3n in\u00fatil de quien sabe que est\u00e1n ah\u00ed, pero no las encuentra. Siempre era igual, las ten\u00eda delante pero tardaba eternidades en dar con ellas. La visi\u00f3n en t\u00fanel le llamaba. Anna estaba en el sof\u00e1 con Nahuel, los dos mirando un libro sobre el [&hellip;]<\/p>\n","protected":false},"author":1,"featured_media":0,"parent":0,"menu_order":0,"comment_status":"closed","ping_status":"closed","template":"","meta":{"footnotes":""},"class_list":["post-908","page","type-page","status-publish","hentry"],"_links":{"self":[{"href":"https:\/\/desdeelborde.com\/index.php?rest_route=\/wp\/v2\/pages\/908","targetHints":{"allow":["GET"]}}],"collection":[{"href":"https:\/\/desdeelborde.com\/index.php?rest_route=\/wp\/v2\/pages"}],"about":[{"href":"https:\/\/desdeelborde.com\/index.php?rest_route=\/wp\/v2\/types\/page"}],"author":[{"embeddable":true,"href":"https:\/\/desdeelborde.com\/index.php?rest_route=\/wp\/v2\/users\/1"}],"replies":[{"embeddable":true,"href":"https:\/\/desdeelborde.com\/index.php?rest_route=%2Fwp%2Fv2%2Fcomments&post=908"}],"version-history":[{"count":5,"href":"https:\/\/desdeelborde.com\/index.php?rest_route=\/wp\/v2\/pages\/908\/revisions"}],"predecessor-version":[{"id":928,"href":"https:\/\/desdeelborde.com\/index.php?rest_route=\/wp\/v2\/pages\/908\/revisions\/928"}],"wp:attachment":[{"href":"https:\/\/desdeelborde.com\/index.php?rest_route=%2Fwp%2Fv2%2Fmedia&parent=908"}],"curies":[{"name":"wp","href":"https:\/\/api.w.org\/{rel}","templated":true}]}}