{"id":1085,"date":"2026-04-19T16:09:47","date_gmt":"2026-04-19T14:09:47","guid":{"rendered":"https:\/\/desdeelborde.com\/?page_id=1085"},"modified":"2026-04-19T16:09:47","modified_gmt":"2026-04-19T14:09:47","slug":"el-jardin","status":"publish","type":"page","link":"https:\/\/desdeelborde.com\/?page_id=1085","title":{"rendered":"El jard\u00edn"},"content":{"rendered":"\n<hr class=\"wp-block-separator has-alpha-channel-opacity\"\/>\n\n\n\n<p>El jard\u00edn de su padre ten\u00eda la misma luz de media tarde que Marc recordaba de cuando era peque\u00f1o. La misma direcci\u00f3n. El mismo \u00e1ngulo. Chocando en un banco blanco que se manten\u00eda intacto a pesar de los a\u00f1os. Solo le faltaba un peque\u00f1o trozo en la punta.<br><br>Nahuel estaba en cuclillas junto a la jardinera, con algunas piedras extendidas en el suelo y otras a\u00fan en el saquito rosa, catalog\u00e1ndolas con esa concentraci\u00f3n suya que parec\u00eda algo as\u00ed como un inventario. Llevaba un rato as\u00ed, movi\u00e9ndolas, probando \u00f3rdenes distintos, descartando. Guardando y volviendo a sacar.<\/p>\n\n\n\n<p>Alineaba las piedras con precisi\u00f3n, siguiendo l\u00edneas que solo \u00e9l parec\u00eda ver.<\/p>\n\n\n\n<p>Marc mir\u00f3 el suelo un momento, las aristas, las direcciones. Pens\u00f3 hacia d\u00f3nde apuntaban.<br><br>\u2014Avi.<br><br>El padre de Marc levant\u00f3 la vista desde el banco donde le\u00eda.<br><br>\u2014Digues.<br><br>\u2014M&#8217;ajudes a ordenar-les?<br><br>El padre dej\u00f3 el libro sin doblar la p\u00e1gina, que era algo que Marc nunca hab\u00eda entendido c\u00f3mo hac\u00eda, y que era lo mismo que le hab\u00eda visto hacer a Iria miles de veces. Fue hacia Nahuel. Se puso en cuclillas a su lado con esa facilidad que ten\u00eda todav\u00eda, para su edad.<br><br>\u2014Com les vols?<\/p>\n\n\n\n<p><br>\u2014Primer per color. Despr\u00e9s per mida.<br><br>\u2014D&#8217;acord.<br><br>Marc los miraba desde el umbral. Su padre cogiendo piedras. Nahuel explic\u00e1ndole el sistema con esa seriedad suya, se\u00f1alando cu\u00e1l iba d\u00f3nde, corrigiendo cuando el abuelo se equivocaba de categor\u00eda. El padre aceptando la correcci\u00f3n sin problema.<br><br>Desde dentro, la voz de Joan Miquel Oliver otra vez sonando.<br><br>Iria sali\u00f3. Se par\u00f3 un momento a su lado, mirando al jard\u00edn.<br><br>Marc la mir\u00f3.<br><br>Le sonri\u00f3.<br><br>Ella no dijo nada. Se acerc\u00f3. Marc la rode\u00f3 con el brazo y ella se gir\u00f3 hacia \u00e9l y se abrazaron. Marc cerr\u00f3 los ojos, hundiendo la cara en su pelo, respirando profundo mientras pensaba en ese olor, su olor.<br><br>Iria ten\u00eda la cara contra su cuello. Marc not\u00f3 que respiraba despacio, que se acomodaba, que no ten\u00eda prisa por separarse.<br><br>\u201cOxitocina\u201d segu\u00eda sonando.<br><br>Se quedaron as\u00ed un rato largo.<br><br>\u2014Te quiero mucho \u2014dijo Iria. Lo dijo en voz baja, contra su cuello. Las palabras salieron como algo que necesitaba decir en ese momento concreto o que llevaba tiempo queriendo decir y no hab\u00eda dicho a\u00fan.<br><br>Marc no respondi\u00f3 con palabras. La apret\u00f3 un poco m\u00e1s.<br><br>Despu\u00e9s Iria se separ\u00f3.<br><br>Marc la mir\u00f3.<br><br>Ella no estaba.<br><br>Su padre y Nahuel segu\u00edan con las piedras.<\/p>\n\n\n\n<p>Nahuel encontr\u00f3 una que no encajaba en ninguna categor\u00eda y se la mostr\u00f3 al abuelo con el ce\u00f1o fruncido. El padre la examin\u00f3, la sopes\u00f3, dijo algo que Marc no oy\u00f3 desde ah\u00ed.<\/p>\n\n\n\n<p>Nahuel asinti\u00f3. Satisfecho.<br><br>Marc se qued\u00f3 mir\u00e1ndolos.<br><\/p>\n","protected":false},"excerpt":{"rendered":"<p>El jard\u00edn de su padre ten\u00eda la misma luz de media tarde que Marc recordaba de cuando era peque\u00f1o. La misma direcci\u00f3n. El mismo \u00e1ngulo. Chocando en un banco blanco que se manten\u00eda intacto a pesar de los a\u00f1os. Solo le faltaba un peque\u00f1o trozo en la punta. Nahuel estaba en cuclillas junto a la [&hellip;]<\/p>\n","protected":false},"author":1,"featured_media":0,"parent":0,"menu_order":0,"comment_status":"closed","ping_status":"closed","template":"","meta":{"footnotes":""},"class_list":["post-1085","page","type-page","status-publish","hentry"],"_links":{"self":[{"href":"https:\/\/desdeelborde.com\/index.php?rest_route=\/wp\/v2\/pages\/1085","targetHints":{"allow":["GET"]}}],"collection":[{"href":"https:\/\/desdeelborde.com\/index.php?rest_route=\/wp\/v2\/pages"}],"about":[{"href":"https:\/\/desdeelborde.com\/index.php?rest_route=\/wp\/v2\/types\/page"}],"author":[{"embeddable":true,"href":"https:\/\/desdeelborde.com\/index.php?rest_route=\/wp\/v2\/users\/1"}],"replies":[{"embeddable":true,"href":"https:\/\/desdeelborde.com\/index.php?rest_route=%2Fwp%2Fv2%2Fcomments&post=1085"}],"version-history":[{"count":1,"href":"https:\/\/desdeelborde.com\/index.php?rest_route=\/wp\/v2\/pages\/1085\/revisions"}],"predecessor-version":[{"id":1086,"href":"https:\/\/desdeelborde.com\/index.php?rest_route=\/wp\/v2\/pages\/1085\/revisions\/1086"}],"wp:attachment":[{"href":"https:\/\/desdeelborde.com\/index.php?rest_route=%2Fwp%2Fv2%2Fmedia&parent=1085"}],"curies":[{"name":"wp","href":"https:\/\/api.w.org\/{rel}","templated":true}]}}