{"id":1064,"date":"2026-04-17T11:52:05","date_gmt":"2026-04-17T09:52:05","guid":{"rendered":"https:\/\/desdeelborde.com\/?page_id=1064"},"modified":"2026-05-03T23:13:41","modified_gmt":"2026-05-03T21:13:41","slug":"ella-i-el-mag","status":"publish","type":"page","link":"https:\/\/desdeelborde.com\/?page_id=1064","title":{"rendered":"Ella i el mag"},"content":{"rendered":"\n<hr class=\"wp-block-separator has-alpha-channel-opacity\"\/>\n\n\n\n<p>\u2014\u00bfQu\u00e9 hace el Marc?<\/p>\n\n\n\n<p>Fue lo primero que pregunt\u00f3 Iria al entrar. Aunque no entr\u00f3, o sea s\u00ed, pero sin cruzar la l\u00ednea imaginaria que separaba la entrada del sal\u00f3n.<\/p>\n\n\n\n<p>Sol\u00eda quedarse as\u00ed, de pie en los umbrales, como si contase o verificase algo antes. Miraba sus pies, luego a Pablo, como esperando que dijera algo. Pablo levant\u00f3 la vista y la mir\u00f3. Pens\u00f3 en Iria como esa visita que espera a ser invitada para decidirse a entrar. Mir\u00f3 sus dedos que se mov\u00edan como si escribieran en un teclado imaginario.<\/p>\n\n\n\n<p>\u2014Sus cosas de las islas supongo.<\/p>\n\n\n\n<p>\u2014\u00bfQu\u00e9 quieres decir?<\/p>\n\n\n\n<p>\u2014M\u00fasica. De las Baleares. Lo hace cuando anda triste.<\/p>\n\n\n\n<p>Iria escuch\u00f3. Desde la habitaci\u00f3n llegaba algo suave, con una voz que no reconoc\u00eda.<\/p>\n\n\n\n<p>\u2014No est\u00e1 mal lo que suena.<\/p>\n\n\n\n<p>\u2014David Vidal, creo que es.<\/p>\n\n\n\n<p>\u2014No sab\u00eda que cantara en catal\u00e1n.<\/p>\n\n\n\n<p>Pablo solt\u00f3 una carcajada.<\/p>\n\n\n\n<p>\u2014\u00a1Vidal! No Bisbal. Es uno de la isla de la abuela de Marc.<\/p>\n\n\n\n<p>\u2014\u00bfMenorca?<\/p>\n\n\n\n<p>\u2014S\u00ed \u2014dijo Pablo, todav\u00eda con la risa encima.<\/p>\n\n\n\n<p>\u2014\u00bfPor qu\u00e9 est\u00e1 triste?<\/p>\n\n\n\n<p>\u2014No s\u00e9. Porque es Marc supongo.<\/p>\n\n\n\n<p>\u2014Eso no es una respuesta.<\/p>\n\n\n\n<p>\u2014Ya, pero es la que tengo.<\/p>\n\n\n\n<p>La puerta de la habitaci\u00f3n se abri\u00f3. Marc sali\u00f3 descalzo, con el pelo un poco revuelto, y cuando vio a Iria fue directo hacia ella. La abraz\u00f3 sin decir nada. Apoy\u00f3 el ment\u00f3n en su cabeza un momento. Luego hundi\u00f3 la nariz en su pelo, cerr\u00f3 los ojos e inhal\u00f3 hondo.<\/p>\n\n\n\n<p>\u2014\u00bfDe qu\u00e9 os re\u00eds?<\/p>\n\n\n\n<p>Pablo se\u00f1al\u00f3 a Iria con la cabeza, mientras segu\u00eda tocando la guitarra.<\/p>\n\n\n\n<p>\u2014Ha confundido a David Vidal con Bisbal.<\/p>\n\n\n\n<p>\u2014No lo confund\u00ed a \u00e9l \u2014dijo Iria\u2014. Te confund\u00ed a ti diciendo su nombre.<\/p>\n\n\n\n<p>\u2014Es lo mismo \u2014dijo Pablo.<\/p>\n\n\n\n<p>\u2014No es lo mismo.<\/p>\n\n\n\n<p>Marc no se ri\u00f3. Asinti\u00f3 vagamente, como si hubiera escuchado algo que no terminaba de entender o de importarle. Iria lo not\u00f3 en el peso de su mano cuando la tom\u00f3 y tir\u00f3 de ella suave hacia el pasillo.<\/p>\n\n\n\n<p>Cerr\u00f3 la puerta. La m\u00fasica segu\u00eda, m\u00e1s n\u00edtida ahora. Iria vio la car\u00e1tula del disco en el escritorio y la cogi\u00f3. Le dio la vuelta. Ley\u00f3 la fecha.<\/p>\n\n\n\n<p>\u20142003. Es&#8230; es el a\u00f1o que llegu\u00e9 a Espa\u00f1a.<\/p>\n\n\n\n<p>Marc levant\u00f3 la cabeza como buscando algo y por su cabeza se cruz\u00f3 el 5. Luego la mir\u00f3.<\/p>\n\n\n\n<p>\u2014\u00bfA qu\u00e9 te refieres?<\/p>\n\n\n\n<p>\u2014Que este disco tiene cinco a\u00f1os. El mismo tiempo que llevo yo ac\u00e1.<\/p>\n\n\n\n<p>\u2014Ah \u2014hizo una pausa\u2014. Es David Vidal. Menorqu\u00edn.<\/p>\n\n\n\n<p>\u2014Me gustaba la anterior que sonaba.<\/p>\n\n\n\n<p>\u2014Ella i el mag Huidobro se llama \u2014Marc cogi\u00f3 el disco con cuidado, lo mir\u00f3 un momento y se lo pas\u00f3\u2014. Te lo puedes quedar si quieres. Para que aprendas catal\u00e1n.<\/p>\n\n\n\n<p>Iria sonri\u00f3. Ley\u00f3 el t\u00edtulo, se fijo en las gotas de la car\u00e1tula, eran cinco. Luego pens\u00f3 en Chile. Quiz\u00e1 por Huidobro. Marc la miraba mirando la caratula, sonriendo. Luego se sent\u00f3 en el borde de la cama y la sonrisa se fue sola, sin que nadie la empujara.<\/p>\n\n\n\n<p>\u2014\u00bfQu\u00e9 te pasa?<\/p>\n\n\n\n<p>\u2014Res.<\/p>\n\n\n\n<p>\u2014Marc&#8230;<\/p>\n\n\n\n<p>\u2014\u00bfQu\u00e9?<\/p>\n\n\n\n<p>\u2014Que te conozco.<\/p>\n\n\n\n<p>Marc se sent\u00f3 en el borde de la cama. Se qued\u00f3 mirando el suelo.<\/p>\n\n\n\n<p>\u2014No s\u00e9 c\u00f3mo explicarlo.<\/p>\n\n\n\n<p>\u2014Explic\u00e1ndolo.<\/p>\n\n\n\n<p>\u2014Siento que las cosas no tienen sentido \u2014hizo una pausa que ampliaba el volumen de la m\u00fasica \u2014. Que ahora est\u00e1n y que ma\u00f1ana pueden no estar.<\/p>\n\n\n\n<p>\u2014\u00bfPas\u00f3 algo?<\/p>\n\n\n\n<p>\u2014No.<\/p>\n\n\n\n<p>\u2014\u00bfSeguro?<\/p>\n\n\n\n<p>\u2014S\u00ed \u2014se recost\u00f3 hacia atr\u00e1s, los codos en la cama, mirando una mancha en el techo\u2014. Eso es lo peor. No pas\u00f3 nada. Me levant\u00e9 y me sent\u00eda as\u00ed.<\/p>\n\n\n\n<p>\u2014\u00bfAs\u00ed c\u00f3mo?<\/p>\n\n\n\n<p>Marc tard\u00f3 en responder.<\/p>\n\n\n\n<p>\u2014Como cuando miras algo y sabes que est\u00e1 ah\u00ed pero no puedes agarrarlo para que no se escape.<\/p>\n\n\n\n<p>Iria se sent\u00f3 a su lado. Esto me recuerda a algo, pens\u00f3, sin ubicarlo a\u00fan.<\/p>\n\n\n\n<p>\u2014\u00bfQuieres que me quede?<\/p>\n\n\n\n<p>\u2014Ya est\u00e1s aqu\u00ed.<\/p>\n\n\n\n<p>\u2014No me refiero a eso.<\/p>\n\n\n\n<p>Marc la mir\u00f3 entonces. Como si fuera la primera vez.<\/p>\n\n\n\n<p>\u2014S\u00ed \u2014dijo\u2014. Quiero que te quedes.<\/p>\n\n\n\n<p>Iria asinti\u00f3. No lo toc\u00f3 todav\u00eda. El gesto justo, necesario, no le llegaba, y lo sab\u00eda, y se qued\u00f3 ah\u00ed de todas formas, cerca, sin moverse.<\/p>\n\n\n\n<p>Marc cerr\u00f3 los ojos.<\/p>\n\n\n\n<p>La m\u00fasica segu\u00eda.<\/p>\n\n\n\n<p><em>Ella canvia els astres de lloc.<\/em>..<\/p>\n\n\n\n<hr class=\"wp-block-separator has-alpha-channel-opacity\"\/>\n","protected":false},"excerpt":{"rendered":"<p>\u2014\u00bfQu\u00e9 hace el Marc? Fue lo primero que pregunt\u00f3 Iria al entrar. Aunque no entr\u00f3, o sea s\u00ed, pero sin cruzar la l\u00ednea imaginaria que separaba la entrada del sal\u00f3n. Sol\u00eda quedarse as\u00ed, de pie en los umbrales, como si contase o verificase algo antes. Miraba sus pies, luego a Pablo, como esperando que dijera [&hellip;]<\/p>\n","protected":false},"author":1,"featured_media":0,"parent":0,"menu_order":0,"comment_status":"closed","ping_status":"closed","template":"","meta":{"footnotes":""},"class_list":["post-1064","page","type-page","status-publish","hentry"],"_links":{"self":[{"href":"https:\/\/desdeelborde.com\/index.php?rest_route=\/wp\/v2\/pages\/1064","targetHints":{"allow":["GET"]}}],"collection":[{"href":"https:\/\/desdeelborde.com\/index.php?rest_route=\/wp\/v2\/pages"}],"about":[{"href":"https:\/\/desdeelborde.com\/index.php?rest_route=\/wp\/v2\/types\/page"}],"author":[{"embeddable":true,"href":"https:\/\/desdeelborde.com\/index.php?rest_route=\/wp\/v2\/users\/1"}],"replies":[{"embeddable":true,"href":"https:\/\/desdeelborde.com\/index.php?rest_route=%2Fwp%2Fv2%2Fcomments&post=1064"}],"version-history":[{"count":6,"href":"https:\/\/desdeelborde.com\/index.php?rest_route=\/wp\/v2\/pages\/1064\/revisions"}],"predecessor-version":[{"id":1129,"href":"https:\/\/desdeelborde.com\/index.php?rest_route=\/wp\/v2\/pages\/1064\/revisions\/1129"}],"wp:attachment":[{"href":"https:\/\/desdeelborde.com\/index.php?rest_route=%2Fwp%2Fv2%2Fmedia&parent=1064"}],"curies":[{"name":"wp","href":"https:\/\/api.w.org\/{rel}","templated":true}]}}