{"id":1036,"date":"2026-04-14T15:45:53","date_gmt":"2026-04-14T13:45:53","guid":{"rendered":"https:\/\/desdeelborde.com\/?page_id=1036"},"modified":"2026-04-14T17:23:10","modified_gmt":"2026-04-14T15:23:10","slug":"lenguaje","status":"publish","type":"page","link":"https:\/\/desdeelborde.com\/?page_id=1036","title":{"rendered":"Lenguaje"},"content":{"rendered":"\n<hr class=\"wp-block-separator has-alpha-channel-opacity\"\/>\n\n\n\n<p><strong>PALABRAS<\/strong><\/p>\n\n\n\n<p>Me arrepiento siempre.<\/p>\n\n\n\n<p>Nadie se disculpa.<\/p>\n\n\n\n<p>Las luces queman.<br>La comida es una agresi\u00f3n.<br>Cinco sentidos en un plato.<\/p>\n\n\n\n<p>El sonido avisa del peligro.<br>Para m\u00ed, es en s\u00ed mismo un peligro.<\/p>\n\n\n\n<p>Las heridas y las armas riman con memoria.<br>Recurren a la oratoria<br>cuando hay palabras.<\/p>\n\n\n\n<p>y yo<br>llego siempre tarde<br>al arrepentimiento<\/p>\n\n\n\n<p>y nunca<br>a la disculpa.<br><\/p>\n\n\n\n<hr class=\"wp-block-separator has-alpha-channel-opacity\"\/>\n\n\n\n<p><strong>SARBALAP<\/strong><\/p>\n\n\n\n<p>La marginalidad habla de ajustes.<br>El privilegio de utop\u00edas.<br>El verdugo de condenas.<br>Las piernas del camino.<br>La lluvia de paraguas.<br>La certeza de verdades.<br>La verdad de desnudez.<br>Los himnos de banderas.<br>La obviedad, de este poema.<br>Los viajes, de maletas.<\/p>\n\n\n\n<p>Yo hablo de palabras.<br>De esas<br>que tardaron a\u00f1os<br>en encontrar la boca.<\/p>\n","protected":false},"excerpt":{"rendered":"<p>PALABRAS Me arrepiento siempre. Nadie se disculpa. Las luces queman.La comida es una agresi\u00f3n.Cinco sentidos en un plato. El sonido avisa del peligro.Para m\u00ed, es en s\u00ed mismo un peligro. Las heridas y las armas riman con memoria.Recurren a la oratoriacuando hay palabras. y yollego siempre tardeal arrepentimiento y nuncaa la disculpa. SARBALAP La marginalidad [&hellip;]<\/p>\n","protected":false},"author":1,"featured_media":0,"parent":0,"menu_order":0,"comment_status":"closed","ping_status":"closed","template":"","meta":{"footnotes":""},"class_list":["post-1036","page","type-page","status-publish","hentry"],"_links":{"self":[{"href":"https:\/\/desdeelborde.com\/index.php?rest_route=\/wp\/v2\/pages\/1036","targetHints":{"allow":["GET"]}}],"collection":[{"href":"https:\/\/desdeelborde.com\/index.php?rest_route=\/wp\/v2\/pages"}],"about":[{"href":"https:\/\/desdeelborde.com\/index.php?rest_route=\/wp\/v2\/types\/page"}],"author":[{"embeddable":true,"href":"https:\/\/desdeelborde.com\/index.php?rest_route=\/wp\/v2\/users\/1"}],"replies":[{"embeddable":true,"href":"https:\/\/desdeelborde.com\/index.php?rest_route=%2Fwp%2Fv2%2Fcomments&post=1036"}],"version-history":[{"count":3,"href":"https:\/\/desdeelborde.com\/index.php?rest_route=\/wp\/v2\/pages\/1036\/revisions"}],"predecessor-version":[{"id":1054,"href":"https:\/\/desdeelborde.com\/index.php?rest_route=\/wp\/v2\/pages\/1036\/revisions\/1054"}],"wp:attachment":[{"href":"https:\/\/desdeelborde.com\/index.php?rest_route=%2Fwp%2Fv2%2Fmedia&parent=1036"}],"curies":[{"name":"wp","href":"https:\/\/api.w.org\/{rel}","templated":true}]}}