{"id":1031,"date":"2026-04-14T14:55:35","date_gmt":"2026-04-14T12:55:35","guid":{"rendered":"https:\/\/desdeelborde.com\/?page_id=1031"},"modified":"2026-04-14T14:55:35","modified_gmt":"2026-04-14T12:55:35","slug":"t-sorensen","status":"publish","type":"page","link":"https:\/\/desdeelborde.com\/?page_id=1031","title":{"rendered":"T. S\u00f8rensen"},"content":{"rendered":"\n<hr class=\"wp-block-separator has-alpha-channel-opacity\"\/>\n\n\n\n<p>De madre argelina y padre dan\u00e9s, crec\u00ed entre Francia y Argelia.<br>Siempre me he sentido un pirata. Mi identidad est\u00e1 en el mar y en las corrientes que se cruzan bajo \u00e9l, invisibles, hasta que un fen\u00f3meno atmosf\u00e9rico \u2014a veces violento\u2014 las deja ver.<\/p>\n","protected":false},"excerpt":{"rendered":"<p>De madre argelina y padre dan\u00e9s, crec\u00ed entre Francia y Argelia.Siempre me he sentido un pirata. Mi identidad est\u00e1 en el mar y en las corrientes que se cruzan bajo \u00e9l, invisibles, hasta que un fen\u00f3meno atmosf\u00e9rico \u2014a veces violento\u2014 las deja ver.<\/p>\n","protected":false},"author":1,"featured_media":12,"parent":0,"menu_order":0,"comment_status":"closed","ping_status":"closed","template":"","meta":{"footnotes":""},"class_list":["post-1031","page","type-page","status-publish","has-post-thumbnail","hentry"],"_links":{"self":[{"href":"https:\/\/desdeelborde.com\/index.php?rest_route=\/wp\/v2\/pages\/1031","targetHints":{"allow":["GET"]}}],"collection":[{"href":"https:\/\/desdeelborde.com\/index.php?rest_route=\/wp\/v2\/pages"}],"about":[{"href":"https:\/\/desdeelborde.com\/index.php?rest_route=\/wp\/v2\/types\/page"}],"author":[{"embeddable":true,"href":"https:\/\/desdeelborde.com\/index.php?rest_route=\/wp\/v2\/users\/1"}],"replies":[{"embeddable":true,"href":"https:\/\/desdeelborde.com\/index.php?rest_route=%2Fwp%2Fv2%2Fcomments&post=1031"}],"version-history":[{"count":1,"href":"https:\/\/desdeelborde.com\/index.php?rest_route=\/wp\/v2\/pages\/1031\/revisions"}],"predecessor-version":[{"id":1032,"href":"https:\/\/desdeelborde.com\/index.php?rest_route=\/wp\/v2\/pages\/1031\/revisions\/1032"}],"wp:featuredmedia":[{"embeddable":true,"href":"https:\/\/desdeelborde.com\/index.php?rest_route=\/wp\/v2\/media\/12"}],"wp:attachment":[{"href":"https:\/\/desdeelborde.com\/index.php?rest_route=%2Fwp%2Fv2%2Fmedia&parent=1031"}],"curies":[{"name":"wp","href":"https:\/\/api.w.org\/{rel}","templated":true}]}}